{"id":5,"date":"2020-10-13T01:36:24","date_gmt":"2020-10-13T01:36:24","guid":{"rendered":"https:\/\/klbstudios.com\/mesmerize\/"},"modified":"2021-02-18T06:05:05","modified_gmt":"2021-02-18T06:05:05","slug":"home","status":"publish","type":"page","link":"https:\/\/klbstudios.com\/","title":{"rendered":"Front Page"},"content":{"rendered":"<div  data-label=\"About\" data-id=\"about--1\" data-export-id=\"about-1\" data-category=\"about\" class=\"about-1 content-section\" id=\"about-1\" style=\"background-color: rgb(255, 255, 255);\"><div  class=\"\"> <div  class=\"row text-center\"><div  class=\"section-title-col\" data-type=\"column\">  <h2  class=\"\">KLB Studios the record concept<\/h2> <p  class=\"lead\" style=\"text-align: justify;\">Criado em 2004 por um dos mais conceituados engenheiros ac\u00fasticos do Brasil, Carlos Duttweller, com CINCO St\u00fadios, sendo VIP , K, L, B, e um Fotogr\u00e1fico ( Est\u00fadio P) o KLB Studios fica localizado em S\u00e3o Paulo e tem em sua ess\u00eancia um fundamento\u2026. O compromisso com a qualidade.Criado em 2004 por um dos mais conceituados engenheiros ac\u00fasticos do Brasil, Carlos Duttweller, com CINCO St\u00fadios, sendo VIP , K, L, B, e um Fotogr\u00e1fico ( Est\u00fadio P) o KLB Studios fica localizado em S\u00e3o Paulo e tem em sua ess\u00eancia um fundamento\u2026. O compromisso com a qualidade.<\/p><\/div> <\/div> <div  class=\"row\"> <div  class=\"button-holder space-bottom space-bottom-small\" data-type=\"column\"> <\/div> <div  class=\"col-xs bottom-xs flexbox image-group-bottom-3-img space-bottom-xs center-xs\"> <a data-cp-link=\"1\" href=\"#\" class=\"left-img-anchor\" target=\"_self\" rel=\"noopener noreferrer\"><img decoding=\"async\"  class=\"left-img shadow-large-black\" data-size=\"500x300\" src=\"https:\/\/klbstudios.com\/wp-content\/uploads\/2020\/10\/cropped-IMG_4647.jpg\"><\/a> <a data-cp-link=\"1\" href=\"#\" class=\"center-img-anchor\" target=\"_self\" rel=\"noopener noreferrer\"><img decoding=\"async\"  class=\"center-img shadow-large-black\" data-size=\"500x300\" src=\"https:\/\/klbstudios.com\/wp-content\/uploads\/2020\/10\/cropped-IMG_4645.jpg\"><\/a> <img decoding=\"async\"  class=\"right-img shadow-large-black\" data-size=\"500x300\" src=\"https:\/\/klbstudios.com\/wp-content\/uploads\/2020\/10\/cropped-IMG_4643-1.jpg\" alt=\"\" title=\"cropped-IMG_4643-1.jpg\"><\/div> <\/div><\/div> <\/div><div data-label=\"About\" data-id=\"about--2\" data-export-id=\"about-10\" data-category=\"about\" class=\"about-10 content-section content-section-spacing\" id=\"about-2\"  style=\"background-color: rgb(255, 255, 255);\"><div class=\"gridContainer\" > <div class=\"row middle-sm text-center\" ><div class=\"col-sm-5 space-bottom-xs content-column\" data-type=\"column\" >  <h2 class=\"\" >AMT<br > <span style=\"font-family: Playfair Display,sans-serif; font-weight: 700; font-style: italic;\" href=\"#\" >and the new&nbsp;<br >&nbsp;<\/span> KLB Studios<\/h2> <p class=\"\" >One of the most important studio magazines in the world, brings the KLB Studio to the public!\n<br >The cover shows the VIP Studio, one of the 6 giants inside this amazing property in Brazil.<\/p> <\/div> <div class=\"col-sm-7 flexbox middle-xs center-xs space-bottom-xs\" ><div class=\"overlay-box middle-xs center-xs flexbox\" > <div class=\"overlay-box-offset offset-border shadow-medium border-color1 hide-xs\" ><\/div> <img decoding=\"async\" class=\"shadow-large\" data-size=\"485x705\" src=\"https:\/\/klbstudios.com\/wp-content\/uploads\/2021\/02\/amt.jpg\"  title=\"amt\" alt=\"\"><\/div> <\/div><\/div> <\/div><\/div><div  data-label=\"Content\" data-id=\"content--1\" data-export-id=\"content-12\" data-category=\"content\" class=\"content-12 content-section content-section-spacing\" id=\"content-1\" style=\"background-color: rgb(245, 250, 253);\"><div  class=\"gridContainer\"> <div  class=\"row text-center\"><div  class=\"section-title-col\" data-type=\"column\"> <h2  class=\"\">KLB Studios Florida \u2013 Coming soon\u2026<\/h2> <p  class=\"lead\">The biggest and most important Studio in South Am\u00e9rica, is coming to Florida\u2026<\/p><\/div> <\/div> <div  class=\"row center-xs middle-xs\"> <div  class=\"col-sm-9\" data-type=\"column\"> <img decoding=\"async\"  class=\"shadow-large\" src=\"https:\/\/klbstudios.com\/wp-content\/uploads\/2020\/10\/SSL_BPro_music-creationpage.jpg\" title=\"SSL_BPro_music creationpage\" alt=\"\"><p  class=\"lead\">Are you ready?<\/p><\/div> <\/div><\/div> <\/div>","protected":false},"excerpt":{"rendered":"<p>KLB Studios the record concept Criado em 2004 por um dos mais conceituados engenheiros ac\u00fasticos do Brasil, Carlos Duttweller, com CINCO St\u00fadios, sendo VIP , K, L, B, e um Fotogr\u00e1fico ( Est\u00fadio P) o KLB Studios fica localizado em S\u00e3o Paulo e tem em sua ess\u00eancia um fundamento\u2026. O compromisso com a qualidade.Criado em&hellip; <br \/> <a class=\"read-more\" href=\"https:\/\/klbstudios.com\/\">Read more<\/a><\/p>\n","protected":false},"author":1,"featured_media":0,"parent":0,"menu_order":0,"comment_status":"closed","ping_status":"closed","template":"","meta":{"footnotes":""},"class_list":["post-5","page","type-page","status-publish","hentry"],"_links":{"self":[{"href":"https:\/\/klbstudios.com\/index.php?rest_route=\/wp\/v2\/pages\/5","targetHints":{"allow":["GET"]}}],"collection":[{"href":"https:\/\/klbstudios.com\/index.php?rest_route=\/wp\/v2\/pages"}],"about":[{"href":"https:\/\/klbstudios.com\/index.php?rest_route=\/wp\/v2\/types\/page"}],"author":[{"embeddable":true,"href":"https:\/\/klbstudios.com\/index.php?rest_route=\/wp\/v2\/users\/1"}],"replies":[{"embeddable":true,"href":"https:\/\/klbstudios.com\/index.php?rest_route=%2Fwp%2Fv2%2Fcomments&post=5"}],"version-history":[{"count":14,"href":"https:\/\/klbstudios.com\/index.php?rest_route=\/wp\/v2\/pages\/5\/revisions"}],"predecessor-version":[{"id":306,"href":"https:\/\/klbstudios.com\/index.php?rest_route=\/wp\/v2\/pages\/5\/revisions\/306"}],"wp:attachment":[{"href":"https:\/\/klbstudios.com\/index.php?rest_route=%2Fwp%2Fv2%2Fmedia&parent=5"}],"curies":[{"name":"wp","href":"https:\/\/api.w.org\/{rel}","templated":true}]}}